{"id":3884,"date":"2017-11-03T09:22:33","date_gmt":"2017-11-03T09:22:33","guid":{"rendered":"http:\/\/nagrodyzeglarskie.szczecin.pl\/en\/?page_id=3884"},"modified":"2021-11-15T12:02:49","modified_gmt":"2021-11-15T12:02:49","slug":"winners","status":"publish","type":"page","link":"https:\/\/nagrodyzeglarskie.szczecin.pl\/en\/winners\/","title":{"rendered":"Winners"},"content":{"rendered":"<h2>Winners of the 2021 edition<\/h2>\n<p><strong>Captain Ludomir M\u0105czka Award<br \/>\n<\/strong>Jerzy Radomski<\/p>\n<p><strong>Voyage of the Year \u2013 Wyszak Award<br \/>\n<\/strong>Andrzej G\u00f3rajek<\/p>\n<p><strong>Sailor of the Year<br \/>\n<\/strong>Halina G\u00f3rajek<\/p>\n<p><strong>Regatta Racer of the Year \u2013 Captain Kazimierz Kuba Jaworski Award<\/strong><strong><br \/>\n<\/strong>Tadeusz Kubiak<\/p>\n<p><strong>Sailing Promoter \u2013 Captain Kazimierz Haska Award<\/strong><strong><br \/>\n<\/strong>Maciej Krzeptowski<\/p>\n<p><strong>Umbriaga Cat Award<\/strong><strong><br \/>\n<\/strong>Przedszkole nr 27 \u201e\u017bagielek\u201d<\/p>\n<p><strong>Sailing Event<\/strong><strong><br \/>\n<\/strong>Mi\u0119dzynarodowe Mistrzostwa Polskiego Stowarzyszenia Klasy Optymist w Dziwnowie 2020<\/p>\n<p><strong>Trainer of the Year \u2013 Teodor Czarnecki Award<\/strong><strong><br \/>\n<\/strong>Jerzy Kaczor<\/p>\n<p><strong>Special Sailing Award<\/strong><strong><br \/>\n<\/strong>Hanna Pi\u00f3rska and Tomasz Pi\u00f3rski<\/p>\n<p>&nbsp;<\/p>\n<h2>Winners of the 2020 edition<\/h2>\n<p><strong>Captain Ludomir M\u0105czka Award<br \/>\n<\/strong>Jerzy Andrzej Knabe<\/p>\n<p><strong>Voyage of the Year \u2013 Wyszak Award<br \/>\n<\/strong>Wojciech Maleika<\/p>\n<p><strong>Sailor of the Year<br \/>\n<\/strong>Joanna Pajkowska<\/p>\n<p><strong>Regatta Racer of the Year \u2013 Captain Kazimierz Kuba Jaworski Award<\/strong><strong><br \/>\n<\/strong>Patryk Zbroja<\/p>\n<p><strong>Sailing Promoter \u2013 Captain Kazimierz Haska Award<\/strong><strong><br \/>\n<\/strong>Zbigniew Kosiorowski<\/p>\n<p><strong>Umbriaga Cat Award<\/strong><strong><br \/>\n<\/strong>Jakub Gu\u017alecki<\/p>\n<p><strong>Szczecin Sailing Cultural Award<\/strong><strong><br \/>\n<\/strong>Ma\u0142gorzata Krautschneider<\/p>\n<p><strong>Sailing Event<\/strong><strong><br \/>\n<\/strong>2019 Laser U21 European Championships<\/p>\n<p><strong>Young Sailor of the Year<\/strong><strong><br \/>\n<\/strong>Miko\u0142aj Silny<\/p>\n<p><strong>Trainer of the Year \u2013 Teodor Czarnecki Award<\/strong><strong><br \/>\n<\/strong>Dawid Zbroja<\/p>\n<p><strong>Special Sailing Award<\/strong><strong><br \/>\n<\/strong>El\u017cbieta Marsza\u0142ek<\/p>\n<h2 style=\"text-align: left;\">Winners of the 2019 editon<\/h2>\n<p style=\"text-align: left;\"><strong>Captain Ludomir M\u0105czka Award<br \/>\n<\/strong><\/p>\n<p>Maciej Krzeptowski<\/p>\n<p style=\"text-align: left;\"><strong>Voyage of the Year \u2013 Wyszak Award<br \/>\n<\/strong><\/p>\n<p>Mateusz Stodulski<\/p>\n<p style=\"text-align: left;\"><strong>Sailor of the Year<br \/>\n<\/strong>Szymon Kuczy\u0144ski<\/p>\n<p style=\"text-align: left;\"><strong>Regatta Racer of the Year \u2013 Captain Kazimierz Kuba Jaworski Award<br \/>\n<\/strong>Jakub Rodziewicz<\/p>\n<p style=\"text-align: left;\"><strong>Sailing Promoter \u2013 Captain Kazimierz Haska Award<br \/>\n<\/strong>Zenon Szostak<\/p>\n<p style=\"text-align: left;\"><strong>Umbriaga Cat Award<br \/>\n<\/strong>Sekcja \u017beglarska M\u0142odzie\u017cowego Domu Kultury w Stargardzie<\/p>\n<p style=\"text-align: left;\"><strong>Szczecin Sailing Cultural Award<br \/>\n<\/strong>Katarzyna Wolnik-Sayna<\/p>\n<p style=\"text-align: left;\"><strong>Sailing Event<br \/>\n<\/strong>Regaty Zeesenboot\u00f3w<\/p>\n<p><strong>Young Sailor of the Year<br \/>\n<\/strong>Filip Mi\u0142oszewski<\/p>\n<p><strong>Trainer of the Year<br \/>\n<\/strong>Robert Siluk<\/p>\n<p style=\"text-align: left;\"><strong>Special Sailing Award<br \/>\n<\/strong>Peter Dorleijn<\/p>\n<hr \/>\n<h2 style=\"text-align: left;\">Winners of the 2018 editon<\/h2>\n<p style=\"text-align: left;\"><strong>Captain Ludomir M\u0105czka Award<br \/>\n<\/strong>Henryk Widera<\/p>\n<p style=\"text-align: left;\"><strong>Voyage of the Year \u2013 Wyszak Award<br \/>\n<\/strong>Kapitan W\u0142odzimierz Byli\u0144ski<\/p>\n<p style=\"text-align: left;\"><strong>Sailor of the Year<br \/>\n<\/strong>Adam Lisiecki<\/p>\n<p style=\"text-align: left;\"><strong>Regatta Racer of the Year \u2013 Captain Kazimierz Kuba Jaworski Award<br \/>\n<\/strong>Agnieszka Skrzypulec and Irmina Mr\u00f3zek-Gliszczy\u0144ska<\/p>\n<p style=\"text-align: left;\"><strong>Sailing Promoter \u2013 Captain Kazimierz Haska Award<br \/>\n<\/strong>Wies\u0142aw Seidler<\/p>\n<p style=\"text-align: left;\"><strong>Umbriaga Cat Award<br \/>\n<\/strong>Przedszkole Publiczne nr\u00a065<\/p>\n<p style=\"text-align: left;\"><strong>Szczecin Sailing Cultural Award<br \/>\n<\/strong>Piotr Owczarski<\/p>\n<p style=\"text-align: left;\"><strong>Sailing Event<br \/>\n<\/strong>Miasto Szczecin<\/p>\n<p style=\"text-align: left;\"><strong>Special Sailing Award<br \/>\n<\/strong>Izabela Jarz\u0105bek<\/p>\n<hr \/>\n<h2 style=\"text-align: left;\">Winners of the 2017 editon<\/h2>\n<p style=\"text-align: left;\"><strong>Captain Ludomir M\u0105czka Award<br \/>\n<\/strong>Wojciech Jacobson<\/p>\n<p style=\"text-align: left;\"><strong>Voyage of the Year \u2013 Wyszak Award<br \/>\n<\/strong>Szymon Kuczy\u0144ski<\/p>\n<p style=\"text-align: left;\"><strong>Sailor of the Year<br \/>\n<\/strong>Cezary Wolski<\/p>\n<p style=\"text-align: left;\"><strong>Regatta Racer of the Year \u2013 Captain Kazimierz Kuba Jaworski Award<br \/>\n<\/strong>Agnieszka Skrzypulec<\/p>\n<p style=\"text-align: left;\"><strong>Sailing Promoter \u2013 Captain Kazimierz Haska Award<br \/>\n<\/strong>Rammin Eckehardt<\/p>\n<p style=\"text-align: left;\"><strong>Umbriaga Cat Award<br \/>\n<\/strong>Iga W\u00f3jcikiewicz<\/p>\n<p style=\"text-align: left;\"><strong>Szczecin Sailing Cultural Award<br \/>\n<\/strong>\u00a0Aleksandra and Andrzej Kocewicz<\/p>\n<p style=\"text-align: left;\"><strong>Sailing Event<br \/>\n<\/strong>Europe Championship in Kamie\u0144 Pomorski<\/p>\n<p style=\"text-align: left;\"><strong>Young Sailor of the Year<br \/>\n<\/strong>Jakub Rodziewicz<\/p>\n<p style=\"text-align: left;\"><strong>Special Sailing Award<br \/>\n<\/strong>Nadir renovation \u2013 kpt. Maciej Korek<\/p>\n","protected":false},"excerpt":{"rendered":"<p>Winners of the 2021 edition Captain Ludomir M\u0105czka Award Jerzy Radomski Voyage of the Year \u2013 Wyszak Award Andrzej G\u00f3rajek Sailor of the Year Halina G\u00f3rajek<span class=\"excerpt-hellip\"> [\u2026]<\/span><\/p>\n","protected":false},"author":1,"featured_media":0,"parent":0,"menu_order":27,"comment_status":"closed","ping_status":"closed","template":"","meta":{"footnotes":""},"_links":{"self":[{"href":"https:\/\/nagrodyzeglarskie.szczecin.pl\/en\/wp-json\/wp\/v2\/pages\/3884"}],"collection":[{"href":"https:\/\/nagrodyzeglarskie.szczecin.pl\/en\/wp-json\/wp\/v2\/pages"}],"about":[{"href":"https:\/\/nagrodyzeglarskie.szczecin.pl\/en\/wp-json\/wp\/v2\/types\/page"}],"author":[{"embeddable":true,"href":"https:\/\/nagrodyzeglarskie.szczecin.pl\/en\/wp-json\/wp\/v2\/users\/1"}],"replies":[{"embeddable":true,"href":"https:\/\/nagrodyzeglarskie.szczecin.pl\/en\/wp-json\/wp\/v2\/comments?post=3884"}],"version-history":[{"count":13,"href":"https:\/\/nagrodyzeglarskie.szczecin.pl\/en\/wp-json\/wp\/v2\/pages\/3884\/revisions"}],"predecessor-version":[{"id":5337,"href":"https:\/\/nagrodyzeglarskie.szczecin.pl\/en\/wp-json\/wp\/v2\/pages\/3884\/revisions\/5337"}],"wp:attachment":[{"href":"https:\/\/nagrodyzeglarskie.szczecin.pl\/en\/wp-json\/wp\/v2\/media?parent=3884"}],"curies":[{"name":"wp","href":"https:\/\/api.w.org\/{rel}","templated":true}]}}